{"id":2637,"date":"2023-11-06T14:33:06","date_gmt":"2023-11-06T14:33:06","guid":{"rendered":"https:\/\/soundimageculture.org\/equipment-rental\/"},"modified":"2025-01-06T10:58:29","modified_gmt":"2025-01-06T10:58:29","slug":"location-materiel","status":"publish","type":"page","link":"https:\/\/soundimageculture.org\/fr\/location-materiel\/","title":{"rendered":"Location de mat\u00e9riel"},"content":{"rendered":"\n<div style=\"height:44px\" aria-hidden=\"true\" class=\"wp-block-spacer\"><\/div>\n\n\n<section id=\"sic-regular-text-block_98ecd691cc0a149d388f3cd1cc7522b5\" class=\"sic-regular-text single-column intro-text\"><h2 class=\"section-title page-title\">MAT\u00c9RIEL IMAGE<\/h2><div class=\"content-wrapper\"><p>1. Kit Sony Alpha 7-III aves trois objectifs Zeiss BATIS \u2013 18mm \u2013 24mm \u2013 85mm<br \/>\n(Les objectifs sont stabilis\u00e9s, ont un bon suivi de la mise au point et permettent \u00e0 une personne de travailler seule). Petit tr\u00e9pied dans une valise \u00e0 roulettes.<\/p>\n<p>2. Kit Red Komodo O.G. Camera avec Canon RF 24 \u2013 objectif 70mm zoom \u2013 f2.8<br \/>\nCanon RF 35mm f1.8<br \/>\nCanon RF 50mm f 1.8<br \/>\nEVF Kameleon de Zacuto, moniteur Small HD ultra lumineux de 5\u2019, kit d&rsquo;\u00e9paule Zacuto, 2 cartes, lecteur de cartes et plusieurs batteries, poign\u00e9e outrigger. Il est pr\u00e9f\u00e9rable d&rsquo;avoir un op\u00e9rateur avec vous lors de l&rsquo;utilisation de ce kit. Avec un \u00e9quipement simplifi\u00e9, il peut \u00eatre utilis\u00e9 par une personne seule. 2 valises \u00e0 roulettes.<\/p>\n<p>3. Kit Black Magic Cinema Camera 6K PRO aves objectif Sigma EF 24-70mm f2.8 zoom \u2013 carte et batteries. 1 petite valise portable.<\/p>\n<p>4. Kit SONY FX3 et CINEMA LINE (accessoire pour microphones XLR)<br \/>\nZoom<\/p>\n<\/div><\/section>\n\n<section id=\"sic-regular-text-block_c7d513dfce28c0c1083a540bb59d6959\" class=\"sic-regular-text single-column intro-text\"><h2 class=\"section-title page-title\">OBJECTIFS ET ADAPTATEURS<\/h2><div class=\"content-wrapper\"><p>Objectifs Canon FD SSC series, 28mm f2,8, 35mm f2, 55mm f1.2, 85mm f2,100mm f2.8 Metabones Speedbooster 0.71x Canon Fd to Canon RF adaptor for mounting the Canon FD on RED Komodo.<br \/>\nLa s\u00e9rie FD ne peut pas \u00eatre utilis\u00e9e avec des cam\u00e9ras \u00e0 monture EF (BMCC Pro par exemple).<\/p>\n<\/div><\/section>\n\n<section id=\"sic-regular-text-block_4f066259a995d2d8d834704e3078e7be\" class=\"sic-regular-text single-column intro-text\"><h2 class=\"section-title page-title\">EQUIPEMENT SONORE<\/h2><div class=\"content-wrapper\"><ol>\n<li>Kit <strong>SONY HF<\/strong> et micro-cravate<\/li>\n<li><strong>Enregistreur portable ZOOM H4N<\/strong><\/li>\n<li>Kit <strong>DJI MIC2<\/strong> (2 microphones HF)<\/li>\n<\/ol>\n<\/div><\/section>\n\n<section id=\"sic-regular-text-block_8ff9b671e308cc0ea2fb71bf644d2696\" class=\"sic-regular-text single-column intro-text\"><h2 class=\"section-title page-title\">BANCS DE MONTAGE PORTABLES<\/h2><div class=\"content-wrapper\"><p><span style=\"font-weight: 400;\">iMac Retina 5K 27\u00a0\u00bb (2017)<br \/>\n<\/span><span style=\"font-weight: 400;\">3,5 GHz Intel Core i5<br \/>\n<\/span><span style=\"font-weight: 400;\">16 Go 2400 MHz DDR4<br \/>\n<\/span><span style=\"font-weight: 400;\">Radeon Pro 575 4096 MB<\/span><\/p>\n<\/div><\/section>\n\n<section id=\"sic-regular-text-block_4163d89d07b177530b19eb8d46266410\" class=\"sic-regular-text single-column intro-text\"><h2 class=\"section-title page-title\">KIT PROJECTION<\/h2><div class=\"content-wrapper\"><div>\n<p>Projecteur View sonic Laser 4K &#8211; UHD &#8211; 3500 Lumen<br \/>\nHaut-parleurs &#8211; DYNAUDIO EXCITE X14 A\u00a0 (1 paire)<br \/>\nAmplificateur Denon &#8211; 145 WATTS<br \/>\nLocation: 100 euros \/ jour<\/p>\n<p>Pour les participants de SoundImageCulture, ces kits sont disponibles, mais ils doivent \u00eatre valoris\u00e9s dans le budget du projet en fonction du temps d&rsquo;utilisation, avec une participation pour la maintenance de 50 euros, ind\u00e9pendante du temps d&rsquo;utilisation. Pour plus d&rsquo;informations, pour louer ou emprunter l&rsquo;\u00e9quipement de SIC, veuillez contacter Mary Jimenez (<a rel=\"noopener\">soundimageculture.mj@gmail.com<\/a>).<\/p>\n<p>Il existe un accord de collaboration avec le Centre Bruxellois de l&rsquo;Audiovisuel (CBA) pour la location gratuite d&rsquo;\u00e9quipements. Une valorisation dans le budget du projet est \u00e9galement n\u00e9cessaire.<\/p>\n<p>Vous pouvez acc\u00e9der \u00e0 l&rsquo;\u00e9quipement du CBA via le lien suivant :<br \/>\n<a href=\"https:\/\/cbadoc.be\/en\/equipment-infrastructure\/\" target=\"_new\" rel=\"noopener\">https:\/\/cbadoc.be\/en\/equipment-infrastructure\/<\/a>.<\/p>\n<\/div>\n<\/div><\/section>","protected":false},"excerpt":{"rendered":"","protected":false},"author":2,"featured_media":0,"parent":0,"menu_order":0,"comment_status":"closed","ping_status":"closed","template":"","meta":{"_acf_changed":false,"footnotes":""},"class_list":["post-2637","page","type-page","status-publish","hentry"],"acf":[],"yoast_head":"<!-- This site is optimized with the Yoast SEO plugin v24.0 - https:\/\/yoast.com\/wordpress\/plugins\/seo\/ -->\n<title>Location de mat\u00e9riel &#8211; Sound Image Culture<\/title>\n<meta name=\"robots\" content=\"index, follow, max-snippet:-1, max-image-preview:large, max-video-preview:-1\" \/>\n<link rel=\"canonical\" href=\"https:\/\/soundimageculture.org\/fr\/location-materiel\/\" \/>\n<meta property=\"og:locale\" content=\"fr_FR\" \/>\n<meta property=\"og:type\" content=\"article\" \/>\n<meta property=\"og:title\" content=\"Location de mat\u00e9riel &#8211; Sound Image Culture\" \/>\n<meta property=\"og:url\" content=\"https:\/\/soundimageculture.org\/fr\/location-materiel\/\" \/>\n<meta property=\"og:site_name\" content=\"Sound Image Culture\" \/>\n<meta property=\"article:modified_time\" content=\"2025-01-06T10:58:29+00:00\" \/>\n<meta name=\"twitter:card\" content=\"summary_large_image\" \/>\n<script type=\"application\/ld+json\" class=\"yoast-schema-graph\">{\"@context\":\"https:\/\/schema.org\",\"@graph\":[{\"@type\":\"WebPage\",\"@id\":\"https:\/\/soundimageculture.org\/fr\/location-materiel\/\",\"url\":\"https:\/\/soundimageculture.org\/fr\/location-materiel\/\",\"name\":\"Location de mat\u00e9riel &#8211; Sound Image Culture\",\"isPartOf\":{\"@id\":\"https:\/\/soundimageculture.org\/fr\/#website\"},\"datePublished\":\"2023-11-06T14:33:06+00:00\",\"dateModified\":\"2025-01-06T10:58:29+00:00\",\"breadcrumb\":{\"@id\":\"https:\/\/soundimageculture.org\/fr\/location-materiel\/#breadcrumb\"},\"inLanguage\":\"fr-FR\",\"potentialAction\":[{\"@type\":\"ReadAction\",\"target\":[\"https:\/\/soundimageculture.org\/fr\/location-materiel\/\"]}]},{\"@type\":\"BreadcrumbList\",\"@id\":\"https:\/\/soundimageculture.org\/fr\/location-materiel\/#breadcrumb\",\"itemListElement\":[{\"@type\":\"ListItem\",\"position\":1,\"name\":\"Home\",\"item\":\"https:\/\/soundimageculture.org\/fr\/\"},{\"@type\":\"ListItem\",\"position\":2,\"name\":\"Location de mat\u00e9riel\"}]},{\"@type\":\"WebSite\",\"@id\":\"https:\/\/soundimageculture.org\/fr\/#website\",\"url\":\"https:\/\/soundimageculture.org\/fr\/\",\"name\":\"Sound Image Culture\",\"description\":\"Penser \/ Filmer\",\"publisher\":{\"@id\":\"https:\/\/soundimageculture.org\/fr\/#organization\"},\"potentialAction\":[{\"@type\":\"SearchAction\",\"target\":{\"@type\":\"EntryPoint\",\"urlTemplate\":\"https:\/\/soundimageculture.org\/fr\/?s={search_term_string}\"},\"query-input\":{\"@type\":\"PropertyValueSpecification\",\"valueRequired\":true,\"valueName\":\"search_term_string\"}}],\"inLanguage\":\"fr-FR\"},{\"@type\":\"Organization\",\"@id\":\"https:\/\/soundimageculture.org\/fr\/#organization\",\"name\":\"Sound Image Culture\",\"url\":\"https:\/\/soundimageculture.org\/fr\/\",\"logo\":{\"@type\":\"ImageObject\",\"inLanguage\":\"fr-FR\",\"@id\":\"https:\/\/soundimageculture.org\/fr\/#\/schema\/logo\/image\/\",\"url\":\"https:\/\/soundimageculture.org\/wp-content\/uploads\/2023\/05\/sic_logo_white_circle_vec.svg\",\"contentUrl\":\"https:\/\/soundimageculture.org\/wp-content\/uploads\/2023\/05\/sic_logo_white_circle_vec.svg\",\"width\":1,\"height\":1,\"caption\":\"Sound Image Culture\"},\"image\":{\"@id\":\"https:\/\/soundimageculture.org\/fr\/#\/schema\/logo\/image\/\"}}]}<\/script>\n<!-- \/ Yoast SEO plugin. -->","yoast_head_json":{"title":"Location de mat\u00e9riel &#8211; Sound Image Culture","robots":{"index":"index","follow":"follow","max-snippet":"max-snippet:-1","max-image-preview":"max-image-preview:large","max-video-preview":"max-video-preview:-1"},"canonical":"https:\/\/soundimageculture.org\/fr\/location-materiel\/","og_locale":"fr_FR","og_type":"article","og_title":"Location de mat\u00e9riel &#8211; Sound Image Culture","og_url":"https:\/\/soundimageculture.org\/fr\/location-materiel\/","og_site_name":"Sound Image Culture","article_modified_time":"2025-01-06T10:58:29+00:00","twitter_card":"summary_large_image","schema":{"@context":"https:\/\/schema.org","@graph":[{"@type":"WebPage","@id":"https:\/\/soundimageculture.org\/fr\/location-materiel\/","url":"https:\/\/soundimageculture.org\/fr\/location-materiel\/","name":"Location de mat\u00e9riel &#8211; Sound Image Culture","isPartOf":{"@id":"https:\/\/soundimageculture.org\/fr\/#website"},"datePublished":"2023-11-06T14:33:06+00:00","dateModified":"2025-01-06T10:58:29+00:00","breadcrumb":{"@id":"https:\/\/soundimageculture.org\/fr\/location-materiel\/#breadcrumb"},"inLanguage":"fr-FR","potentialAction":[{"@type":"ReadAction","target":["https:\/\/soundimageculture.org\/fr\/location-materiel\/"]}]},{"@type":"BreadcrumbList","@id":"https:\/\/soundimageculture.org\/fr\/location-materiel\/#breadcrumb","itemListElement":[{"@type":"ListItem","position":1,"name":"Home","item":"https:\/\/soundimageculture.org\/fr\/"},{"@type":"ListItem","position":2,"name":"Location de mat\u00e9riel"}]},{"@type":"WebSite","@id":"https:\/\/soundimageculture.org\/fr\/#website","url":"https:\/\/soundimageculture.org\/fr\/","name":"Sound Image Culture","description":"Penser \/ Filmer","publisher":{"@id":"https:\/\/soundimageculture.org\/fr\/#organization"},"potentialAction":[{"@type":"SearchAction","target":{"@type":"EntryPoint","urlTemplate":"https:\/\/soundimageculture.org\/fr\/?s={search_term_string}"},"query-input":{"@type":"PropertyValueSpecification","valueRequired":true,"valueName":"search_term_string"}}],"inLanguage":"fr-FR"},{"@type":"Organization","@id":"https:\/\/soundimageculture.org\/fr\/#organization","name":"Sound Image Culture","url":"https:\/\/soundimageculture.org\/fr\/","logo":{"@type":"ImageObject","inLanguage":"fr-FR","@id":"https:\/\/soundimageculture.org\/fr\/#\/schema\/logo\/image\/","url":"https:\/\/soundimageculture.org\/wp-content\/uploads\/2023\/05\/sic_logo_white_circle_vec.svg","contentUrl":"https:\/\/soundimageculture.org\/wp-content\/uploads\/2023\/05\/sic_logo_white_circle_vec.svg","width":1,"height":1,"caption":"Sound Image Culture"},"image":{"@id":"https:\/\/soundimageculture.org\/fr\/#\/schema\/logo\/image\/"}}]}},"_links":{"self":[{"href":"https:\/\/soundimageculture.org\/fr\/wp-json\/wp\/v2\/pages\/2637","targetHints":{"allow":["GET"]}}],"collection":[{"href":"https:\/\/soundimageculture.org\/fr\/wp-json\/wp\/v2\/pages"}],"about":[{"href":"https:\/\/soundimageculture.org\/fr\/wp-json\/wp\/v2\/types\/page"}],"author":[{"embeddable":true,"href":"https:\/\/soundimageculture.org\/fr\/wp-json\/wp\/v2\/users\/2"}],"replies":[{"embeddable":true,"href":"https:\/\/soundimageculture.org\/fr\/wp-json\/wp\/v2\/comments?post=2637"}],"version-history":[{"count":45,"href":"https:\/\/soundimageculture.org\/fr\/wp-json\/wp\/v2\/pages\/2637\/revisions"}],"predecessor-version":[{"id":7586,"href":"https:\/\/soundimageculture.org\/fr\/wp-json\/wp\/v2\/pages\/2637\/revisions\/7586"}],"wp:attachment":[{"href":"https:\/\/soundimageculture.org\/fr\/wp-json\/wp\/v2\/media?parent=2637"}],"curies":[{"name":"wp","href":"https:\/\/api.w.org\/{rel}","templated":true}]}}