{"id":293,"date":"2023-05-25T09:41:14","date_gmt":"2023-05-25T09:41:14","guid":{"rendered":"https:\/\/soundimageculture.alwaysdata.net\/home\/"},"modified":"2026-04-10T08:26:21","modified_gmt":"2026-04-10T08:26:21","slug":"home","status":"publish","type":"page","link":"https:\/\/soundimageculture.org\/fr\/","title":{"rendered":"Home"},"content":{"rendered":"<nav id=\"sic-page-links-block_0ac2eb72574d0f0a926fa7b40b7387c5\" class=\"sic-page-links splashscreen-on\"><ul class=\"page-links\"><li><a href=\"https:\/\/soundimageculture.org\/fr\/laboratoire\/\">Laboratoire<\/a><\/li><li><a href=\"https:\/\/soundimageculture.org\/fr\/overview-films\/\">Films<\/a><\/li><li><a href=\"https:\/\/soundimageculture.org\/fr\/timeline\/\">\u00c9v\u00e9nements<\/a><\/li><\/ul><\/nav>\n\n\n<p class=\"has-text-align-right\"><sup>\u00a9 Fracture (Keren Kraizer)<\/sup><\/p>\n\n\n\n<h1 class=\"wp-block-heading has-text-align-center\">Un espace de travail o\u00f9 les artistes <br>peuvent trouver un soutien pour r\u00e9aliser leurs projets<\/h1>\n\n\n<section id=\"sic-regular-text-block_a207cf8b6fffa112d5b1d4395b9491dc\" class=\"sic-regular-text two-columns\"><div class=\"content-wrapper\"><p>Un programme d&rsquo;un an qui accompagne les cin\u00e9astes et les artistes dans le d\u00e9veloppement de leur projet cin\u00e9matographique. Des coaches et des pairs soutiendront professionnellement chaque projet. SIC a \u00e9t\u00e9 cr\u00e9\u00e9 par des cin\u00e9astes pour des cin\u00e9astes et des artistes afin de les aider \u00e0 sortir du processus de cr\u00e9ation solitaire.<\/p>\n<p>Bas\u00e9 sur la r\u00e9flexion \u00e0 travers la cr\u00e9ation et la r\u00e9flexion individuelle et collective. Nous recherchons des projets authentiques qui repoussent les limites du langage audiovisuel. SIC croit en l&rsquo;urgence de refl\u00e9ter la repr\u00e9sentation \u00e9thique\/politiquement correcte\/post-coloniale dans les m\u00e9dias contemporains de la soci\u00e9t\u00e9 multiculturelle. Notre objectif : la vision artistique.<\/p>\n<\/div><\/section>\n\n\n<div style=\"height:35px\" aria-hidden=\"true\" class=\"wp-block-spacer\"><\/div>\n\n\n<section id=\"sic-latest-films-block_fa40cc7a41d9594c8d49c4693b5dbcfc\" class=\"sic-latest-films\"><h2 class=\"section-title\">Films en d\u00e9veloppement<\/h2><ul class=\"slider workaround\"><li class=\"slide film-card\"><a class=film-card-thumbnail href=\"https:\/\/soundimageculture.org\/fr\/film\/birthright-baba-blues\/\" style=\"background-image:url(https:\/\/soundimageculture.org\/wp-content\/uploads\/2024\/12\/Birthright-Baba-Blues_Thomas-SM-1024x576.jpg)\"><\/a><a class=title-link href=\"https:\/\/soundimageculture.org\/fr\/film\/birthright-baba-blues\/\"><h2>Birthright Baba Blues<\/h2><\/a><\/li><li class=\"slide film-card\"><a class=film-card-thumbnail href=\"https:\/\/soundimageculture.org\/fr\/film\/galan-de-composition\/\" style=\"background-image:url(https:\/\/soundimageculture.org\/wp-content\/uploads\/2024\/12\/Galan_Mantra-Watsa-1024x576.jpg)\"><\/a><a class=title-link href=\"https:\/\/soundimageculture.org\/fr\/film\/galan-de-composition\/\"><h2>Galan \/ An Open Wound of the Future<\/h2><\/a><\/li><li class=\"slide film-card\"><a class=film-card-thumbnail href=\"https:\/\/soundimageculture.org\/fr\/film\/the-holy-day\/\" style=\"background-image:url(https:\/\/soundimageculture.org\/wp-content\/uploads\/2024\/12\/GADDICIANO-Mattia_Petulla-1024x576.jpg)\"><\/a><a class=title-link href=\"https:\/\/soundimageculture.org\/fr\/film\/the-holy-day\/\"><h2>The Holy Day<\/h2><\/a><\/li><li class=\"slide film-card\"><a class=film-card-thumbnail href=\"https:\/\/soundimageculture.org\/fr\/film\/the-story-we-know\/\" style=\"background-image:url(https:\/\/soundimageculture.org\/wp-content\/uploads\/2024\/12\/the-story-we-know-Aurelie-Leporcq-1024x576.jpg)\"><\/a><a class=title-link href=\"https:\/\/soundimageculture.org\/fr\/film\/the-story-we-know\/\"><h2>The Story We All Know<\/h2><\/a><\/li><li class=\"slide film-card\"><a class=film-card-thumbnail href=\"https:\/\/soundimageculture.org\/fr\/film\/within-from-below\/\" style=\"background-image:url(https:\/\/soundimageculture.org\/wp-content\/uploads\/2024\/12\/Elise-Guillaume_WITHIN-FROM-BELOW-film-still-1024x576.jpg)\"><\/a><a class=title-link href=\"https:\/\/soundimageculture.org\/fr\/film\/within-from-below\/\"><h2>Within, From Below<\/h2><\/a><\/li><li class=\"slide film-card\"><a class=film-card-thumbnail href=\"https:\/\/soundimageculture.org\/fr\/film\/reparing-men\/\" style=\"background-image:url(https:\/\/soundimageculture.org\/wp-content\/uploads\/2024\/12\/Reparer_les_hommes_Manuel_Hanot-1024x766.jpeg)\"><\/a><a class=title-link href=\"https:\/\/soundimageculture.org\/fr\/film\/reparing-men\/\"><h2>R\u00e9parer les hommes\u00a0<\/h2><\/a><\/li><li class=\"slide film-card\"><a class=film-card-thumbnail href=\"https:\/\/soundimageculture.org\/fr\/film\/ordinary-racism\/\" style=\"background-image:url(https:\/\/soundimageculture.org\/wp-content\/uploads\/2024\/12\/Ordinary-racism_AnnaLawan-1024x576.jpg)\"><\/a><a class=title-link href=\"https:\/\/soundimageculture.org\/fr\/film\/ordinary-racism\/\"><h2>Point d&rsquo;insertion<\/h2><\/a><\/li><li class=\"slide film-card\"><a class=film-card-thumbnail href=\"https:\/\/soundimageculture.org\/fr\/film\/va-te-faire-cuire-un-oeuf\/\" style=\"background-image:url(https:\/\/soundimageculture.org\/wp-content\/uploads\/2024\/12\/Va-te-faire-cuire-un-oeuf-Jeanne-Plassier-1024x576.jpg)\"><\/a><a class=title-link href=\"https:\/\/soundimageculture.org\/fr\/film\/va-te-faire-cuire-un-oeuf\/\"><h2>Va te faire cuire un oeuf<\/h2><\/a><\/li><li class=\"slide film-card\"><a class=film-card-thumbnail href=\"https:\/\/soundimageculture.org\/fr\/film\/the-tender-distance\/\" style=\"background-image:url(https:\/\/soundimageculture.org\/wp-content\/uploads\/2024\/12\/The-Tender-Distance-Mira_Matthew-1024x576.jpg)\"><\/a><a class=title-link href=\"https:\/\/soundimageculture.org\/fr\/film\/the-tender-distance\/\"><h2>The Tender Distance<\/h2><\/a><\/li><li class=\"slide film-card\"><a class=film-card-thumbnail href=\"https:\/\/soundimageculture.org\/fr\/film\/my-mothers-circus\/\" style=\"background-image:url(https:\/\/soundimageculture.org\/wp-content\/uploads\/2024\/12\/My-Mothers-Circus-Esther-Carlin-1024x575.jpg)\"><\/a><a class=title-link href=\"https:\/\/soundimageculture.org\/fr\/film\/my-mothers-circus\/\"><h2>My Mother\u2019s Circus<\/h2><\/a><\/li><\/ul><\/section>\n\n<section id=\"sic-latest-news-block_7cea18444c3be1a833cae3b7e6a5cbaf\" class=\"sic-latest-news\"><h2 class=\"section-title\">Timeline<\/h2><ul class=\"slider workaround\"><li class=\"slide news-card\"><a class=news-card-thumbnail href=\"https:\/\/soundimageculture.org\/fr\/2026-dates-and-guests\/\" style=\"background-image:url()\"><\/a><a class=news-card-categories href=\"https:\/\/soundimageculture.org\/fr\/non-classifiee\">Autre<\/a><time>01.01.2026<\/time><a class=title-link href=\"https:\/\/soundimageculture.org\/fr\/2026-dates-and-guests\/\"><h2>2026 Dates et invit\u00e9s<\/h2><\/a><\/li><li class=\"slide news-card\"><a class=news-card-thumbnail href=\"https:\/\/soundimageculture.org\/fr\/fantasy-and-non-fiction\/\" style=\"background-image:url(https:\/\/soundimageculture.org\/wp-content\/uploads\/2026\/01\/Blimp-Courtney-Stephens.jpg)\"><\/a><a class=news-card-categories href=\"https:\/\/soundimageculture.org\/fr\/masterclass-fr\">Masterclass<\/a><time>25.02.2026<\/time><a class=title-link href=\"https:\/\/soundimageculture.org\/fr\/fantasy-and-non-fiction\/\"><h2>Fantasy and Non-Fiction<\/h2><\/a><\/li><li class=\"slide news-card\"><a class=news-card-thumbnail href=\"https:\/\/soundimageculture.org\/fr\/language-place-and-the-politics-of-presence\/\" style=\"background-image:url(https:\/\/soundimageculture.org\/wp-content\/uploads\/2026\/01\/Heiny-Srour-Leila-and-the-Wolves-sfw-1024x778.jpg)\"><\/a><a class=news-card-categories href=\"https:\/\/soundimageculture.org\/fr\/focus-program-fr\">Programme Focus<\/a><time>26.02.2026<\/time><a class=title-link href=\"https:\/\/soundimageculture.org\/fr\/language-place-and-the-politics-of-presence\/\"><h2>Focus: Language, Place, and the Politics of Presence<\/h2><\/a><\/li><li class=\"slide news-card\"><a class=news-card-thumbnail href=\"https:\/\/soundimageculture.org\/fr\/the-invisible-the-spectral-and-the-speculative\/\" style=\"background-image:url(https:\/\/soundimageculture.org\/wp-content\/uploads\/2025\/10\/AAGS_06_sfw-1024x747.jpg)\"><\/a><a class=news-card-categories href=\"https:\/\/soundimageculture.org\/fr\/masterclass-fr\">Masterclass<\/a><time>19.11.2025<\/time><a class=title-link href=\"https:\/\/soundimageculture.org\/fr\/the-invisible-the-spectral-and-the-speculative\/\"><h2>Bo Wang: L\u2019Invisible, le Spectral et le Sp\u00e9culatif<\/h2><\/a><\/li><li class=\"slide news-card\"><a class=news-card-thumbnail href=\"https:\/\/soundimageculture.org\/fr\/hold-on-to-her\/\" style=\"background-image:url(https:\/\/soundimageculture.org\/wp-content\/uploads\/2025\/05\/Hold-on-to-her_1-1024x576.jpg)\"><\/a><a class=news-card-categories href=\"https:\/\/soundimageculture.org\/fr\/case-study-fr\">Etude de cas<\/a><time>13.06.2025<\/time><a class=title-link href=\"https:\/\/soundimageculture.org\/fr\/hold-on-to-her\/\"><h2>Hold On to Her<\/h2><\/a><\/li><li class=\"slide news-card\"><a class=news-card-thumbnail href=\"https:\/\/soundimageculture.org\/fr\/francisco-rodriguez-teare\/\" style=\"background-image:url(https:\/\/soundimageculture.org\/wp-content\/uploads\/2025\/03\/Otro-Sol1-1024x608.jpeg)\"><\/a><a class=news-card-categories href=\"https:\/\/soundimageculture.org\/fr\/case-study-fr\">Etude de cas<\/a><time>25.04.2025<\/time><a class=title-link href=\"https:\/\/soundimageculture.org\/fr\/francisco-rodriguez-teare\/\"><h2>Francisco Rodriguez Teare<\/h2><\/a><\/li><\/ul><\/section>","protected":false},"excerpt":{"rendered":"<p>\u00a9 Fracture (Keren Kraizer) Un espace de travail o\u00f9 les artistes peuvent trouver un soutien pour r\u00e9aliser leurs projets<\/p>\n","protected":false},"author":1,"featured_media":1108,"parent":0,"menu_order":0,"comment_status":"closed","ping_status":"closed","template":"page-home.php","meta":{"_acf_changed":false,"footnotes":""},"class_list":["post-293","page","type-page","status-publish","has-post-thumbnail","hentry"],"acf":[],"yoast_head":"<!-- This site is optimized with the Yoast SEO plugin v24.0 - https:\/\/yoast.com\/wordpress\/plugins\/seo\/ -->\n<title>Home &#8211; Sound Image Culture<\/title>\n<meta name=\"robots\" content=\"index, follow, max-snippet:-1, max-image-preview:large, max-video-preview:-1\" \/>\n<link rel=\"canonical\" href=\"https:\/\/soundimageculture.org\/fr\/\" \/>\n<meta property=\"og:locale\" content=\"fr_FR\" \/>\n<meta property=\"og:type\" content=\"article\" \/>\n<meta property=\"og:title\" content=\"Home &#8211; Sound Image Culture\" \/>\n<meta property=\"og:description\" content=\"\u00a9 Fracture (Keren Kraizer) Un espace de travail o\u00f9 les artistes peuvent trouver un soutien pour r\u00e9aliser leurs projets\" \/>\n<meta property=\"og:url\" content=\"https:\/\/soundimageculture.org\/fr\/\" \/>\n<meta property=\"og:site_name\" content=\"Sound Image Culture\" \/>\n<meta property=\"article:modified_time\" content=\"2026-04-10T08:26:21+00:00\" \/>\n<meta property=\"og:image\" content=\"https:\/\/soundimageculture.org\/wp-content\/uploads\/2023\/08\/KB_.-2022-filmstill-Karina-Beumer.jpg\" \/>\n\t<meta property=\"og:image:width\" content=\"1134\" \/>\n\t<meta property=\"og:image:height\" content=\"638\" \/>\n\t<meta property=\"og:image:type\" content=\"image\/jpeg\" \/>\n<meta name=\"twitter:card\" content=\"summary_large_image\" \/>\n<meta name=\"twitter:label1\" content=\"Dur\u00e9e de lecture estim\u00e9e\" \/>\n\t<meta name=\"twitter:data1\" content=\"1 minute\" \/>\n<script type=\"application\/ld+json\" class=\"yoast-schema-graph\">{\"@context\":\"https:\/\/schema.org\",\"@graph\":[{\"@type\":\"WebPage\",\"@id\":\"https:\/\/soundimageculture.org\/fr\/\",\"url\":\"https:\/\/soundimageculture.org\/fr\/\",\"name\":\"Home &#8211; Sound Image Culture\",\"isPartOf\":{\"@id\":\"https:\/\/soundimageculture.org\/fr\/#website\"},\"primaryImageOfPage\":{\"@id\":\"https:\/\/soundimageculture.org\/fr\/#primaryimage\"},\"image\":{\"@id\":\"https:\/\/soundimageculture.org\/fr\/#primaryimage\"},\"thumbnailUrl\":\"https:\/\/soundimageculture.org\/wp-content\/uploads\/2023\/08\/KB_.-2022-filmstill-Karina-Beumer.jpg\",\"datePublished\":\"2023-05-25T09:41:14+00:00\",\"dateModified\":\"2026-04-10T08:26:21+00:00\",\"breadcrumb\":{\"@id\":\"https:\/\/soundimageculture.org\/fr\/#breadcrumb\"},\"inLanguage\":\"fr-FR\",\"potentialAction\":[{\"@type\":\"ReadAction\",\"target\":[\"https:\/\/soundimageculture.org\/fr\/\"]}]},{\"@type\":\"ImageObject\",\"inLanguage\":\"fr-FR\",\"@id\":\"https:\/\/soundimageculture.org\/fr\/#primaryimage\",\"url\":\"https:\/\/soundimageculture.org\/wp-content\/uploads\/2023\/08\/KB_.-2022-filmstill-Karina-Beumer.jpg\",\"contentUrl\":\"https:\/\/soundimageculture.org\/wp-content\/uploads\/2023\/08\/KB_.-2022-filmstill-Karina-Beumer.jpg\",\"width\":1134,\"height\":638},{\"@type\":\"BreadcrumbList\",\"@id\":\"https:\/\/soundimageculture.org\/fr\/#breadcrumb\",\"itemListElement\":[{\"@type\":\"ListItem\",\"position\":1,\"name\":\"Home\",\"item\":\"https:\/\/soundimageculture.org\/fr\/\"},{\"@type\":\"ListItem\",\"position\":2,\"name\":\"Home\"}]},{\"@type\":\"WebSite\",\"@id\":\"https:\/\/soundimageculture.org\/fr\/#website\",\"url\":\"https:\/\/soundimageculture.org\/fr\/\",\"name\":\"Sound Image Culture\",\"description\":\"Penser \/ Filmer\",\"publisher\":{\"@id\":\"https:\/\/soundimageculture.org\/fr\/#organization\"},\"potentialAction\":[{\"@type\":\"SearchAction\",\"target\":{\"@type\":\"EntryPoint\",\"urlTemplate\":\"https:\/\/soundimageculture.org\/fr\/?s={search_term_string}\"},\"query-input\":{\"@type\":\"PropertyValueSpecification\",\"valueRequired\":true,\"valueName\":\"search_term_string\"}}],\"inLanguage\":\"fr-FR\"},{\"@type\":\"Organization\",\"@id\":\"https:\/\/soundimageculture.org\/fr\/#organization\",\"name\":\"Sound Image Culture\",\"url\":\"https:\/\/soundimageculture.org\/fr\/\",\"logo\":{\"@type\":\"ImageObject\",\"inLanguage\":\"fr-FR\",\"@id\":\"https:\/\/soundimageculture.org\/fr\/#\/schema\/logo\/image\/\",\"url\":\"https:\/\/soundimageculture.org\/wp-content\/uploads\/2023\/05\/sic_logo_white_circle_vec.svg\",\"contentUrl\":\"https:\/\/soundimageculture.org\/wp-content\/uploads\/2023\/05\/sic_logo_white_circle_vec.svg\",\"width\":1,\"height\":1,\"caption\":\"Sound Image Culture\"},\"image\":{\"@id\":\"https:\/\/soundimageculture.org\/fr\/#\/schema\/logo\/image\/\"}}]}<\/script>\n<!-- \/ Yoast SEO plugin. -->","yoast_head_json":{"title":"Home &#8211; Sound Image Culture","robots":{"index":"index","follow":"follow","max-snippet":"max-snippet:-1","max-image-preview":"max-image-preview:large","max-video-preview":"max-video-preview:-1"},"canonical":"https:\/\/soundimageculture.org\/fr\/","og_locale":"fr_FR","og_type":"article","og_title":"Home &#8211; Sound Image Culture","og_description":"\u00a9 Fracture (Keren Kraizer) Un espace de travail o\u00f9 les artistes peuvent trouver un soutien pour r\u00e9aliser leurs projets","og_url":"https:\/\/soundimageculture.org\/fr\/","og_site_name":"Sound Image Culture","article_modified_time":"2026-04-10T08:26:21+00:00","og_image":[{"width":1134,"height":638,"url":"https:\/\/soundimageculture.org\/wp-content\/uploads\/2023\/08\/KB_.-2022-filmstill-Karina-Beumer.jpg","type":"image\/jpeg"}],"twitter_card":"summary_large_image","twitter_misc":{"Dur\u00e9e de lecture estim\u00e9e":"1 minute"},"schema":{"@context":"https:\/\/schema.org","@graph":[{"@type":"WebPage","@id":"https:\/\/soundimageculture.org\/fr\/","url":"https:\/\/soundimageculture.org\/fr\/","name":"Home &#8211; Sound Image Culture","isPartOf":{"@id":"https:\/\/soundimageculture.org\/fr\/#website"},"primaryImageOfPage":{"@id":"https:\/\/soundimageculture.org\/fr\/#primaryimage"},"image":{"@id":"https:\/\/soundimageculture.org\/fr\/#primaryimage"},"thumbnailUrl":"https:\/\/soundimageculture.org\/wp-content\/uploads\/2023\/08\/KB_.-2022-filmstill-Karina-Beumer.jpg","datePublished":"2023-05-25T09:41:14+00:00","dateModified":"2026-04-10T08:26:21+00:00","breadcrumb":{"@id":"https:\/\/soundimageculture.org\/fr\/#breadcrumb"},"inLanguage":"fr-FR","potentialAction":[{"@type":"ReadAction","target":["https:\/\/soundimageculture.org\/fr\/"]}]},{"@type":"ImageObject","inLanguage":"fr-FR","@id":"https:\/\/soundimageculture.org\/fr\/#primaryimage","url":"https:\/\/soundimageculture.org\/wp-content\/uploads\/2023\/08\/KB_.-2022-filmstill-Karina-Beumer.jpg","contentUrl":"https:\/\/soundimageculture.org\/wp-content\/uploads\/2023\/08\/KB_.-2022-filmstill-Karina-Beumer.jpg","width":1134,"height":638},{"@type":"BreadcrumbList","@id":"https:\/\/soundimageculture.org\/fr\/#breadcrumb","itemListElement":[{"@type":"ListItem","position":1,"name":"Home","item":"https:\/\/soundimageculture.org\/fr\/"},{"@type":"ListItem","position":2,"name":"Home"}]},{"@type":"WebSite","@id":"https:\/\/soundimageculture.org\/fr\/#website","url":"https:\/\/soundimageculture.org\/fr\/","name":"Sound Image Culture","description":"Penser \/ Filmer","publisher":{"@id":"https:\/\/soundimageculture.org\/fr\/#organization"},"potentialAction":[{"@type":"SearchAction","target":{"@type":"EntryPoint","urlTemplate":"https:\/\/soundimageculture.org\/fr\/?s={search_term_string}"},"query-input":{"@type":"PropertyValueSpecification","valueRequired":true,"valueName":"search_term_string"}}],"inLanguage":"fr-FR"},{"@type":"Organization","@id":"https:\/\/soundimageculture.org\/fr\/#organization","name":"Sound Image Culture","url":"https:\/\/soundimageculture.org\/fr\/","logo":{"@type":"ImageObject","inLanguage":"fr-FR","@id":"https:\/\/soundimageculture.org\/fr\/#\/schema\/logo\/image\/","url":"https:\/\/soundimageculture.org\/wp-content\/uploads\/2023\/05\/sic_logo_white_circle_vec.svg","contentUrl":"https:\/\/soundimageculture.org\/wp-content\/uploads\/2023\/05\/sic_logo_white_circle_vec.svg","width":1,"height":1,"caption":"Sound Image Culture"},"image":{"@id":"https:\/\/soundimageculture.org\/fr\/#\/schema\/logo\/image\/"}}]}},"_links":{"self":[{"href":"https:\/\/soundimageculture.org\/fr\/wp-json\/wp\/v2\/pages\/293","targetHints":{"allow":["GET"]}}],"collection":[{"href":"https:\/\/soundimageculture.org\/fr\/wp-json\/wp\/v2\/pages"}],"about":[{"href":"https:\/\/soundimageculture.org\/fr\/wp-json\/wp\/v2\/types\/page"}],"author":[{"embeddable":true,"href":"https:\/\/soundimageculture.org\/fr\/wp-json\/wp\/v2\/users\/1"}],"replies":[{"embeddable":true,"href":"https:\/\/soundimageculture.org\/fr\/wp-json\/wp\/v2\/comments?post=293"}],"version-history":[{"count":114,"href":"https:\/\/soundimageculture.org\/fr\/wp-json\/wp\/v2\/pages\/293\/revisions"}],"predecessor-version":[{"id":9761,"href":"https:\/\/soundimageculture.org\/fr\/wp-json\/wp\/v2\/pages\/293\/revisions\/9761"}],"wp:featuredmedia":[{"embeddable":true,"href":"https:\/\/soundimageculture.org\/fr\/wp-json\/wp\/v2\/media\/1108"}],"wp:attachment":[{"href":"https:\/\/soundimageculture.org\/fr\/wp-json\/wp\/v2\/media?parent=293"}],"curies":[{"name":"wp","href":"https:\/\/api.w.org\/{rel}","templated":true}]}}