{"id":295,"date":"2023-05-25T10:10:13","date_gmt":"2023-05-25T10:10:13","guid":{"rendered":"https:\/\/soundimageculture.alwaysdata.net\/about-contact\/"},"modified":"2024-01-29T10:03:01","modified_gmt":"2024-01-29T10:03:01","slug":"about-contact","status":"publish","type":"page","link":"https:\/\/soundimageculture.org\/fr\/about-contact\/","title":{"rendered":"Info &#038; Contact"},"content":{"rendered":"<section id=\"sic-regular-text-block_b93c9462f918b6dfc5efa15a7f33e1c9\" class=\"sic-regular-text single-column intro-text\"><div class=\"content-wrapper\"><p class=\"p1\">SoundImageCulture &#8211; SIC est une plateforme nomade \u00e0 Bruxelles qui d\u00e9veloppe des projets uniques \u00e0 l&rsquo;intersection du cin\u00e9ma, de l&rsquo;art et de l&rsquo;anthropologie.<\/p>\n<p>SIC fonctionne comme un laboratoire ouvert : nous proposons un processus de travail d&rsquo;un an au cours duquel les participant.e.s d\u00e9veloppent leur projet artistique. \u00c0 travers des sessions collectives, des masterclasses, du coaching individuel et des ateliers, SIC encourage la r\u00e9flexion sur les choix esth\u00e9tiques et \u00e9thiques et le d\u00e9veloppement de nouvelles approches artistiques.<\/p>\n<\/div><\/section>\n\n<section id=\"sic-regular-text-block_ddd09169dc995f8250207c1b038fd66c\" class=\"sic-regular-text two-columns\"><h2 class=\"section-title page-title\">Mission<\/h2><div class=\"content-wrapper\"><p>SIC croit en la <strong>rencontre<\/strong> : en la capacit\u00e9 de se r\u00e9unir, de penser ensemble, d&rsquo;\u00e9changer g\u00e9n\u00e9reusement. SIC fonctionne horizontalement. Nous aspirons \u00e0 \u00eatre une <strong>communaut\u00e9 et un r\u00e9seau ouverts<\/strong>. SIC s&rsquo;inspire de la richesse qui d\u00e9coule de <strong>l&rsquo;effacement des fronti\u00e8res<\/strong> : art\/cin\u00e9ma, fiction\/documentaire, po\u00e9sie\/essai. SIC est un <strong>laboratoire<\/strong> pour des projets qui examinent consciemment et <strong>\u00e9thiquement<\/strong> leurs propres <strong>conditions d&rsquo;existence<\/strong>. SIC met l&rsquo;accent sur la <strong>remise en question de la forme et du langage cin\u00e9matographique<\/strong> et favorise un <strong>discours social critique<\/strong>.<\/p>\n<p>Nous pensons qu&rsquo;il s&rsquo;agit d&rsquo;une urgence pour la soci\u00e9t\u00e9 multiculturelle dans laquelle nous vivons. Nous nous engageons \u00e0 transmettre une \u00e9thique multiculturelle, attentive aux probl\u00e8mes du pr\u00e9sent et sensible aux tendances artistiques \u00e9mergentes.<\/p>\n<p class=\"p1\">SIC soutient des projets qui proposent de nouvelles mani\u00e8res sensorielles et po\u00e9tiques de raconter des histoires : des films qui transcendent les cat\u00e9gories existantes de l&rsquo;industrie cin\u00e9matographique : exp\u00e9rimental ou documentaire, cin\u00e9ma du r\u00e9el ou fiction, long ou court m\u00e9trage. Des films qui se font ici et maintenant, hors du temps \u00e9conomique, logistique et administratif d&rsquo;une production classique. Des films port\u00e9s par le d\u00e9sir passionn\u00e9 de l&rsquo;auteur\/l&rsquo;autrice. Des films l\u00e9gers en termes de production, o\u00f9 le\/la r\u00e9alisateur\/r\u00e9alisatrice est souvent le\/la seul.e capitaine \u00e0 bord. SIC offre des opportunit\u00e9s \u00e0 des formes audiovisuelles non conventionnelles et socialement significatives, qui auraient autrement du mal \u00e0 trouver un public ou une caisse de r\u00e9sonance, en leur fournissant un environnement s\u00fbr pour se d\u00e9velopper.<\/p>\n<p class=\"p1\">Au lieu de suivre le chemin traditionnel de l&rsquo;\u00e9criture dans le but de tourner puis de monter, SIC encourage le processus de tournage puis de r\u00e9flexion sur les mat\u00e9riaux obtenus. Plut\u00f4t que d&rsquo;utiliser l&rsquo;\u00e9criture comme une interface qui cr\u00e9e une distance (de temps et de langage) entre le\/la r\u00e9alisateur\/r\u00e9alisatrice et son sujet, SIC encourage un processus o\u00f9 l&rsquo;\u00e9criture d&rsquo;un film \u00e9mane directement des mat\u00e9riaux artistiques : images, sons, temps, espace, souvenirs.<\/p>\n<p class=\"p1\"><span class=\"s1\">Les participant.e.s au programme SIC ont des origines, des \u00e2ges, des cultures et des bagages diff\u00e9rents. Artistes, cin\u00e9astes, techniciens de l&rsquo;image ou du son avec un projet personnel, journalistes \u00e0 la recherche d&rsquo;une nouvelle forme de narration, \u00e9crivain.e.s et activistes qui veulent poursuivre leurs efforts d&rsquo;une mani\u00e8re artistique, universitaires, anthropologues\/artistes avec un projet de film qui leur tient \u00e0 c\u0153ur, autodidactes. Souvent, les participant.e.s ont d\u00e9j\u00e0 suivi une formation. SIC est plus un atelier et un laboratoire qu&rsquo;un cours de formation ou une \u00e9cole. Les participant.e.s sont pr\u00e9sent.e.s aux sessions, ils\/elles s&rsquo;engagent \u00e9galement dans les autres projets en cours.<\/span><\/p>\n<p>Le processus est structur\u00e9 par le parcours des participant.e.s au cours d&rsquo;une s\u00e9rie de sessions collectives de feedback o\u00f9 ils\/elles re\u00e7oivent un feedback sur leur travail en cours.<\/p>\n<p>Les sessions collectives r\u00e9unissent tous les accompagnateurs.trices et les participant.e.s. Ces sessions sont uniques et constituent le c\u0153ur de SIC. Vingt personnes r\u00e9fl\u00e9chissent \u00e0 un projet et le suivent pendant un an, pointant les angles morts, cr\u00e9ant de nouvelles perspectives et de la richesse. Ces sessions de feedback collectif sont exigeantes et intenses.<\/p>\n<p>\u00c9tant nous-m\u00eames cin\u00e9astes et connaissant le processus cr\u00e9atif de l&rsquo;int\u00e9rieur, nous sommes tr\u00e8s conscients de la force, mais aussi de la fragilit\u00e9 de ce chemin. Nous avons cr\u00e9\u00e9 SIC pour aider les cin\u00e9astes \u00e0 pousser leur vision unique jusqu&rsquo;\u00e0 la limite, mais nous veillons \u00e0 l&rsquo;entourer de ressources dans un environnement bienveillant et s\u00fbr.<\/p>\n<\/div><\/section>\n\n<section id=\"sic-regular-text-block_94d22856334924b2600b9ac2dd00fec1\" class=\"sic-regular-text two-columns\"><h2 class=\"section-title page-title\">CODE DE CONDUITE \/ CHARTE \u00c9THIQUE \/ ASYM\u00c9TRIES <\/h2><div class=\"content-wrapper\"><p>SIC est constitu\u00e9 d&rsquo;asym\u00e9tries. Les gens viennent d&rsquo;endroits diff\u00e9rents, habitent des corps diff\u00e9rents, ont des exp\u00e9riences diff\u00e9rentes, se situent diff\u00e9remment dans les structures de pouvoir et ont des limites diff\u00e9rentes. Tenez-en compte, remettez en question votre propre position et laissez-la \u00eatre remise en question, tout en respectant les limites des autres.<\/p>\n<p>Tout le monde, dans une certaine mesure, participe \u00e0 de multiples syst\u00e8mes d&rsquo;in\u00e9galit\u00e9 en occupant des positions, des r\u00f4les et des r\u00e9cits diff\u00e9rents. SIC se veut un espace o\u00f9 l&rsquo;on peut aborder activement cette question et o\u00f9 l&rsquo;on peut apprendre et changer.<\/p>\n<p>Les angles morts et les pr\u00e9jug\u00e9s sont r\u00e9els. Le fait de ne pas les voir ne signifie pas qu&rsquo;ils n&rsquo;affectent pas ou ne nuisent pas aux autres. Chacun.e est responsable de son manque de conscience autant que de ses actes conscients, chacun.e est responsable d&rsquo;explorer ce dont il\/elle n&rsquo;est peut-\u00eatre pas encore conscient.e et de s&rsquo;ouvrir pour voir les choses sous une lumi\u00e8re et une perspective diff\u00e9rentes.<\/p>\n<p>En cr\u00e9ant une culture de la prise de conscience, nous constatons que la complexit\u00e9 des conversations et des processus augmente. Nous observons qu&rsquo;un environnement s\u00fbr offre plus d&rsquo;espace pour s&rsquo;exprimer et se d\u00e9velopper. C&rsquo;est dans ces conversations que nos diff\u00e9rences deviennent un instrument pour se stimuler mutuellement, ouvrir des perspectives et des potentiels.<\/p>\n<p>Cela signifie que l&rsquo;\u00e9coute, le soutien et la responsabilisation des personnes avec compassion sont pr\u00e9f\u00e9rables \u00e0 l&rsquo;\u00e9vitement des personnes sans leur offrir les moyens d&rsquo;apprendre et de changer.<\/p>\n<p>Ceci dit, chez SIC, nous veillons \u00e0 un environnement de travail sain, \u00e0 des relations de travail respectueuses et nous d\u00e9non\u00e7ons toute conduite ou d\u00e9claration qui pourrait \u00eatre intimidante, irrespectueuse ou violente d&rsquo;une mani\u00e8re ou d&rsquo;une autre.<\/p>\n<p>LIGNES DIRECTRICES :<\/p>\n<ul>\n<li>Le collectif est mis en place pour cr\u00e9er un espace de confiance o\u00f9 les participant.e.s partagent un travail en cours.<\/li>\n<li>La diversit\u00e9 sociale est consid\u00e9r\u00e9e comme une r\u00e9alit\u00e9. Les diff\u00e9rences sont accueillies positivement.<\/li>\n<li>Toutes les personnes impliqu\u00e9es dans SIC (coaches, participant.e.s, invit\u00e9.e.s et organisation) se traitent mutuellement avec respect, quelle que soit la nature de leur relation de travail.<\/li>\n<li>Nous contribuons tous \u00e0 un environnement dans lequel aucune forme de comportement offensant n&rsquo;est tol\u00e9r\u00e9e.<\/li>\n<li>Nous entendons par comportement offensant, mais pas exclusivement, l&rsquo;intimidation, le racisme, le sexisme, la discrimination, l&rsquo;agression (passive) et le comportement sexuel non d\u00e9sir\u00e9, que ce soit par des mots, des images, par des actions ou des comportements.<\/li>\n<li>Ces r\u00e8gles s&rsquo;appliquent \u00e9galement aux conversations et aux \u00e9changes en ligne.<\/li>\n<\/ul>\n<p>Si vous le souhaitez, vous pouvez signaler un comportement inappropri\u00e9 \u00e0 quelqu&rsquo;un d&rsquo;autre, \u00e0 vos pairs, \u00e0 votre coach, au coordinateur.<\/p>\n<p>Lorsque des personnes travaillent ensemble, des relations de pouvoir sont toujours impliqu\u00e9es, consciemment ou inconsciemment. Dans des circonstances normales, les gens g\u00e8rent bien ces relations sans porter atteinte \u00e0 la dignit\u00e9, \u00e0 la satisfaction professionnelle ou \u00e0 la productivit\u00e9 de l&rsquo;une ou l&rsquo;autre partie. Si vous avez l&rsquo;impression que votre travail ou votre bien-\u00eatre est entrav\u00e9 par des relations de pouvoir d\u00e9s\u00e9quilibr\u00e9es, il est possible de trouver un moyen d&rsquo;y rem\u00e9dier de mani\u00e8re constructive. Cette d\u00e9marche peut nous aider \u00e0 grandir et \u00e0 apprendre. Il est important de pr\u00e9ciser que vous \u00eates toujours le\/la bienvenu.e pour en parler avec l&rsquo;un.e des coaches ou le coordinateur. Si vous avez le sentiment que ce coach n&rsquo;a pas suffisamment de recul par rapport \u00e0 la situation, nous vous encourageons \u00e0 vous adresser \u00e0 l&rsquo;une des parties externes que nous proposons ci-dessous :<\/p>\n<p>\u00c0 ENGAGEMENT (<a href=\"mailto:contact@engagementarts.be\">contact@engagementarts.be<\/a>) o\u00f9 vous pouvez parler \u00e0 l&rsquo;un des confidents certifi\u00e9s (EN\/NL\/FR) ou \u00e0 la Genderkamer du service de m\u00e9diation n\u00e9erlandophone (EN\/NL). Nina Callens et Viktor Van der Veken ont une fonction de m\u00e9diateur et s&rsquo;occupent sp\u00e9cifiquement des comportements offensants dans le domaine de la culture et des arts. Ils vous \u00e9couteront, essaieront de comprendre votre situation, vous donneront des conseils ou soutiendront les n\u00e9gociations et ils ont le mandat de d\u00e9poser une plainte officielle. Vous pouvez les contacter via <a href=\"mailto:genderkamer@vlaamseombudsdienst.be\">genderkamer@vlaamseombudsdienst.be<\/a>.<\/p>\n<p>Lorsque vous \u00eates t\u00e9moin d&rsquo;un comportement offensant, essayez de prendre la d\u00e9fense de la personne qui subit ce comportement. Si cela ne fonctionne pas ou n&rsquo;est pas possible, merci de signaler le comportement dont vous avez \u00e9t\u00e9 t\u00e9moin \u00e0 l&rsquo;un des coaches, au coordinateur et\/ou \u00e0 ENGAGEMENT ou Genderkamer (voir les contacts mentionn\u00e9s ci-dessus).<\/p>\n<p>L&rsquo;\u00e9quipe de SIC traitera et examinera chaque rapport de comportement d\u00e9plac\u00e9 avec soin et en toute confidentialit\u00e9. Nous consid\u00e9rons chaque \u00e9change comme un moment d&rsquo;apprentissage et nous nous engageons \u00e0 chercher ensemble une solution appropri\u00e9e.<\/p>\n<\/div><\/section>\n\n<section id=\"sic-regular-text-block_f7839fb202ebc230614f208c1db8c781\" class=\"sic-regular-text two-columns\"><h2 class=\"section-title page-title\">ORGANISATION ET CONSEIL D&rsquo;ADMINISTRATION<\/h2><div class=\"content-wrapper\"><p>Mary Jim\u00e9nez est la directrice artistique de SIC, Julien Chapelle le coordinateur, et Sophie Sherman est responsable des r\u00e9seaux sociaux.<\/p>\n<p>Soutenu par les membres du conseil d&rsquo;administration : B\u00e9n\u00e9dicte Li\u00e9nard, Marc Bouteiller, Julie Pfleiderer, Susanne Weck.<\/p>\n<p>L&rsquo;association SoundImageCulture a \u00e9t\u00e9 fond\u00e9e en 2008 par An Van Dinderen, Didier Volckaert, Reinhart Cosaert, Laurent Van Lancker et Eric Pauwels.<\/p>\n<\/div><\/section>\n\n<section id=\"sic-regular-text-block_665b32db245b58759f03c9457f9c1131\" class=\"sic-regular-text two-columns\"><h2 class=\"section-title page-title\">Amis et partenaires<\/h2><div class=\"content-wrapper\"><p class=\"p1\">SIC a des amis et des partenaires formidables !<br \/>\nVoici une liste non exhaustive :<\/p>\n<p class=\"p2\"><span class=\"s2\"><a href=\"https:\/\/graphoui.org\/en\/\">Atelier Graphoui<\/a><\/span><span class=\"s3\"> , <a href=\"https:\/\/www.derives.be\/en\"><span class=\"s4\">D\u00e9rives<\/span><\/a> , <a href=\"https:\/\/cbadoc.be\/\"><span class=\"s4\">CBA<\/span><\/a> , <a href=\"http:\/\/aaapa.be\/\"><span class=\"s4\">Aaapa<\/span><\/a> , <a href=\"https:\/\/www.argosarts.org\/pam-platform-for-audiovisual-and-media-arts\"><span class=\"s4\">PAM.<\/span><\/a> , <a href=\"https:\/\/wiki.erg.be\/m\/%23Bienvenue_%25C3%25A0_l%25E2%2580%2599erg\"><span class=\"s4\">ERG Art School<\/span><\/a> , <a href=\"https:\/\/iselp.be\/\"><span class=\"s4\">ISELP Contemporary Art Center<\/span><\/a> ,\u00a0<\/span><span class=\"s2\"><a href=\"https:\/\/festivalenville.be\/\">Festival en Ville<\/a><\/span><span class=\"s3\"> , <a href=\"https:\/\/www.bozar.be\/en\"><span class=\"s4\">Bozar<\/span><\/a> , <a href=\"https:\/\/medaa.be\/en\/homepage\/\"><span class=\"s4\">La Maison europ\u00e9enne des Auteurs et des Autrices &#8211; Scam<\/span><\/a> , <a href=\"https:\/\/www.courtisane.be\/en\"><span class=\"s4\">Courtisane &#8211; Film Festival<\/span><\/a> , <a href=\"https:\/\/beursschouwburg.be\/en\/\"><span class=\"s4\">Beursschouwburg<\/span><\/a> , <a href=\"https:\/\/www.pianofabriek.be\/en\"><span class=\"s4\">Pianofabriek<\/span><\/a> , <a href=\"https:\/\/www.vaf.be\/en\"><span class=\"s4\">VAF<\/span><\/a> , <a href=\"http:\/\/www.argosarts.org\/\"><span class=\"s4\">ARGOS<\/span><\/a> , <a href=\"http:\/\/www.cinemaximiliaan.com\/\"><span class=\"s4\">Cinemaximiliaan<\/span><\/a> , <a href=\"http:\/\/schoolofartsgent.be\/en\/\"><span class=\"s4\">KASK<\/span><\/a><\/span><span class=\"s2\"> , <a href=\"http:\/\/www.ugent.be\/\">UGent<\/a><\/span><span class=\"s3\"> ,<\/span><span class=\"s2\"> <a href=\"https:\/\/constantvzw.org\/site\/?lang=en\">Constant<\/a><\/span><span class=\"s3\"> , <a href=\"https:\/\/deimagerie.be\/visite-filmfestival\"><span class=\"s4\">Festival Visite \/ Imagerie<\/span><\/a> , <a href=\"https:\/\/pmmc.werkleitz.de\/\"><span class=\"s4\">PMMC werkleitz , <\/span><\/a><\/span><span class=\"s3\"><a href=\"http:\/\/sel.fas.harvard.edu\/\"><span class=\"s4\">Sensory Ethnography Lab (SEL)<\/span><\/a><\/span><span class=\"s2\"> , <a href=\"http:\/\/www.minpaku.ac.jp\/english\/research\/activity\/organization\/staff\/kawase\/index\">Visual Experiment Laboratory, Museum of Ethnology, Osaka \/\/ Itsushi Kawase<\/a><\/span><span class=\"s3\"> , <a href=\"http:\/\/www.gold.ac.uk\/visual-anthropology\/\"><span class=\"s4\">Visual Anthropology Department Goldsmith London<\/span><\/a> \/\/ <a href=\"http:\/\/www.gold.ac.uk\/anthropology\/staff\/c-wright\/\"><span class=\"s4\">Chris Wright\u00a0<\/span><\/a> , <a href=\"http:\/\/www.sv.uio.no\/sai\/english\/people\/aca\/arnds\/\"><span class=\"s4\">Social Anthropology, Oslo University \/\/ Arnd Schneider<\/span><\/a> , <a href=\"http:\/\/dhi.ucdavis.edu\/featured-stories\/new-faculty-spotlight-fiamma-montezemolo-and-tarek-elhaik\"><span class=\"s4\">Anthropology of the Image Lab, UC Davis, USA<\/span><\/a> \/\/\u00a0 <a href=\"http:\/\/anthropology.ucdavis.edu\/people\/telhaik\"><span class=\"s4\">Tarek Elhaik<\/span><\/a> , <a href=\"http:\/\/socialsciences.leiden.edu\/anthropology\/students\/master\/visual-ethnography\/course-information\/staff-ve.html%23metje-postma\"><span class=\"s4\">Visual Anthropology Department, Leiden University \/\/ Metje Postma<\/span><\/a><\/span><\/p>\n<\/div><\/section>\n\n<section id=\"sic-regular-text-block_a1365adedd3ec616b7f0db1c7bbaaa69\" class=\"sic-regular-text single-column\"><h2 class=\"section-title page-title\">Contact<\/h2><div class=\"content-wrapper\"><p><strong>SoundImageCulture<br \/>\nBruxelles &#8211; Belgique<\/strong><\/p>\n<p><a target=\"_self\">soundimageculture@gmail.com<\/a><\/p>\n<p><strong>TIN : BE 0898 898 406<br \/>\nIBAN : BE61 0682 5170 4317<br \/>\nBIC : GKCCBEBB<\/strong><\/p>\n<p>Identit\u00e9 visuelle et site web par <span class=\"il\">Miriam<\/span> Hempel \/\u00a0<a href=\"http:\/\/daretoknow.co.uk\/\" target=\"_blank\" rel=\"noopener\" data-saferedirecturl=\"https:\/\/www.google.com\/url?q=http:\/\/daretoknow.co.uk&amp;source=gmail&amp;ust=1702547047811000&amp;usg=AOvVaw32cVCXwinklfqDVP_twiFz\">daretoknow.co.uk<\/a><\/p>\n<p>SoundImageCulture asbl \/ SIC est soutenu par la <a href=\"https:\/\/audiovisuel.cfwb.be\/\" target=\"_blank\" rel=\"noopener\">FWB &#8211; F\u00e9d\u00e9ration Wallonie-Bruxelles<\/a>,\u00a0<a href=\"https:\/\/www.vaf.be\/\" target=\"_blank\" rel=\"noopener\">VAF &#8211; Vlaams Audiovisueel Fonds<\/a>,\u00a0<a href=\"https:\/\/www.vgc.be\/\" target=\"_blank\" rel=\"noopener\">VGC &#8211; Vlaamse Gemeenschapscommissie<\/a> et les partenaires <a href=\"http:\/\/www.argosarts.org\/\" target=\"_blank\" rel=\"noopener\">Argos<\/a>,\u00a0<a href=\"http:\/\/www.beursschouwburg.be\/\" target=\"_blank\" rel=\"noopener\">Beursschouwburg<\/a>,\u00a0<a href=\"https:\/\/www.bozar.be\/en\/homepages\/73644-cinema\" target=\"_blank\" rel=\"noopener\">BOZAR Cinema<\/a>,\u00a0<a href=\"https:\/\/iselp.be\/fr\" target=\"_blank\" rel=\"noopener\">ISELP<\/a> et <a href=\"http:\/\/www.pianofabriek.be\/\" target=\"_blank\" rel=\"noopener\">Pianofabriek<\/a>. Suivez-nous sur <a href=\"https:\/\/www.facebook.com\/sic.soundimageculture?sk=wall\" target=\"_blank\" rel=\"noopener\">Facebook <\/a>!<\/p>\n<p>&nbsp;<\/p>\n<\/div><\/section>","protected":false},"excerpt":{"rendered":"","protected":false},"author":1,"featured_media":0,"parent":0,"menu_order":0,"comment_status":"closed","ping_status":"closed","template":"page-about.php","meta":{"_acf_changed":false,"footnotes":""},"class_list":["post-295","page","type-page","status-publish","hentry"],"acf":[],"yoast_head":"<!-- This site is optimized with the Yoast SEO plugin v24.0 - https:\/\/yoast.com\/wordpress\/plugins\/seo\/ -->\n<title>Info &amp; Contact &#8211; Sound Image Culture<\/title>\n<meta name=\"robots\" content=\"index, follow, max-snippet:-1, max-image-preview:large, max-video-preview:-1\" \/>\n<link rel=\"canonical\" href=\"https:\/\/soundimageculture.org\/fr\/about-contact\/\" \/>\n<meta property=\"og:locale\" content=\"fr_FR\" \/>\n<meta property=\"og:type\" content=\"article\" \/>\n<meta property=\"og:title\" content=\"Info &amp; Contact &#8211; Sound Image Culture\" \/>\n<meta property=\"og:url\" content=\"https:\/\/soundimageculture.org\/fr\/about-contact\/\" \/>\n<meta property=\"og:site_name\" content=\"Sound Image Culture\" \/>\n<meta property=\"article:modified_time\" content=\"2024-01-29T10:03:01+00:00\" \/>\n<meta name=\"twitter:card\" content=\"summary_large_image\" \/>\n<script type=\"application\/ld+json\" class=\"yoast-schema-graph\">{\"@context\":\"https:\/\/schema.org\",\"@graph\":[{\"@type\":\"WebPage\",\"@id\":\"https:\/\/soundimageculture.org\/fr\/about-contact\/\",\"url\":\"https:\/\/soundimageculture.org\/fr\/about-contact\/\",\"name\":\"Info & Contact &#8211; Sound Image Culture\",\"isPartOf\":{\"@id\":\"https:\/\/soundimageculture.org\/fr\/#website\"},\"datePublished\":\"2023-05-25T10:10:13+00:00\",\"dateModified\":\"2024-01-29T10:03:01+00:00\",\"breadcrumb\":{\"@id\":\"https:\/\/soundimageculture.org\/fr\/about-contact\/#breadcrumb\"},\"inLanguage\":\"fr-FR\",\"potentialAction\":[{\"@type\":\"ReadAction\",\"target\":[\"https:\/\/soundimageculture.org\/fr\/about-contact\/\"]}]},{\"@type\":\"BreadcrumbList\",\"@id\":\"https:\/\/soundimageculture.org\/fr\/about-contact\/#breadcrumb\",\"itemListElement\":[{\"@type\":\"ListItem\",\"position\":1,\"name\":\"Home\",\"item\":\"https:\/\/soundimageculture.org\/fr\/\"},{\"@type\":\"ListItem\",\"position\":2,\"name\":\"Info &#038; Contact\"}]},{\"@type\":\"WebSite\",\"@id\":\"https:\/\/soundimageculture.org\/fr\/#website\",\"url\":\"https:\/\/soundimageculture.org\/fr\/\",\"name\":\"Sound Image Culture\",\"description\":\"Penser \/ Filmer\",\"publisher\":{\"@id\":\"https:\/\/soundimageculture.org\/fr\/#organization\"},\"potentialAction\":[{\"@type\":\"SearchAction\",\"target\":{\"@type\":\"EntryPoint\",\"urlTemplate\":\"https:\/\/soundimageculture.org\/fr\/?s={search_term_string}\"},\"query-input\":{\"@type\":\"PropertyValueSpecification\",\"valueRequired\":true,\"valueName\":\"search_term_string\"}}],\"inLanguage\":\"fr-FR\"},{\"@type\":\"Organization\",\"@id\":\"https:\/\/soundimageculture.org\/fr\/#organization\",\"name\":\"Sound Image Culture\",\"url\":\"https:\/\/soundimageculture.org\/fr\/\",\"logo\":{\"@type\":\"ImageObject\",\"inLanguage\":\"fr-FR\",\"@id\":\"https:\/\/soundimageculture.org\/fr\/#\/schema\/logo\/image\/\",\"url\":\"https:\/\/soundimageculture.org\/wp-content\/uploads\/2023\/05\/sic_logo_white_circle_vec.svg\",\"contentUrl\":\"https:\/\/soundimageculture.org\/wp-content\/uploads\/2023\/05\/sic_logo_white_circle_vec.svg\",\"width\":1,\"height\":1,\"caption\":\"Sound Image Culture\"},\"image\":{\"@id\":\"https:\/\/soundimageculture.org\/fr\/#\/schema\/logo\/image\/\"}}]}<\/script>\n<!-- \/ Yoast SEO plugin. -->","yoast_head_json":{"title":"Info & Contact &#8211; Sound Image Culture","robots":{"index":"index","follow":"follow","max-snippet":"max-snippet:-1","max-image-preview":"max-image-preview:large","max-video-preview":"max-video-preview:-1"},"canonical":"https:\/\/soundimageculture.org\/fr\/about-contact\/","og_locale":"fr_FR","og_type":"article","og_title":"Info & Contact &#8211; Sound Image Culture","og_url":"https:\/\/soundimageculture.org\/fr\/about-contact\/","og_site_name":"Sound Image Culture","article_modified_time":"2024-01-29T10:03:01+00:00","twitter_card":"summary_large_image","schema":{"@context":"https:\/\/schema.org","@graph":[{"@type":"WebPage","@id":"https:\/\/soundimageculture.org\/fr\/about-contact\/","url":"https:\/\/soundimageculture.org\/fr\/about-contact\/","name":"Info & Contact &#8211; Sound Image Culture","isPartOf":{"@id":"https:\/\/soundimageculture.org\/fr\/#website"},"datePublished":"2023-05-25T10:10:13+00:00","dateModified":"2024-01-29T10:03:01+00:00","breadcrumb":{"@id":"https:\/\/soundimageculture.org\/fr\/about-contact\/#breadcrumb"},"inLanguage":"fr-FR","potentialAction":[{"@type":"ReadAction","target":["https:\/\/soundimageculture.org\/fr\/about-contact\/"]}]},{"@type":"BreadcrumbList","@id":"https:\/\/soundimageculture.org\/fr\/about-contact\/#breadcrumb","itemListElement":[{"@type":"ListItem","position":1,"name":"Home","item":"https:\/\/soundimageculture.org\/fr\/"},{"@type":"ListItem","position":2,"name":"Info &#038; Contact"}]},{"@type":"WebSite","@id":"https:\/\/soundimageculture.org\/fr\/#website","url":"https:\/\/soundimageculture.org\/fr\/","name":"Sound Image Culture","description":"Penser \/ Filmer","publisher":{"@id":"https:\/\/soundimageculture.org\/fr\/#organization"},"potentialAction":[{"@type":"SearchAction","target":{"@type":"EntryPoint","urlTemplate":"https:\/\/soundimageculture.org\/fr\/?s={search_term_string}"},"query-input":{"@type":"PropertyValueSpecification","valueRequired":true,"valueName":"search_term_string"}}],"inLanguage":"fr-FR"},{"@type":"Organization","@id":"https:\/\/soundimageculture.org\/fr\/#organization","name":"Sound Image Culture","url":"https:\/\/soundimageculture.org\/fr\/","logo":{"@type":"ImageObject","inLanguage":"fr-FR","@id":"https:\/\/soundimageculture.org\/fr\/#\/schema\/logo\/image\/","url":"https:\/\/soundimageculture.org\/wp-content\/uploads\/2023\/05\/sic_logo_white_circle_vec.svg","contentUrl":"https:\/\/soundimageculture.org\/wp-content\/uploads\/2023\/05\/sic_logo_white_circle_vec.svg","width":1,"height":1,"caption":"Sound Image Culture"},"image":{"@id":"https:\/\/soundimageculture.org\/fr\/#\/schema\/logo\/image\/"}}]}},"_links":{"self":[{"href":"https:\/\/soundimageculture.org\/fr\/wp-json\/wp\/v2\/pages\/295","targetHints":{"allow":["GET"]}}],"collection":[{"href":"https:\/\/soundimageculture.org\/fr\/wp-json\/wp\/v2\/pages"}],"about":[{"href":"https:\/\/soundimageculture.org\/fr\/wp-json\/wp\/v2\/types\/page"}],"author":[{"embeddable":true,"href":"https:\/\/soundimageculture.org\/fr\/wp-json\/wp\/v2\/users\/1"}],"replies":[{"embeddable":true,"href":"https:\/\/soundimageculture.org\/fr\/wp-json\/wp\/v2\/comments?post=295"}],"version-history":[{"count":65,"href":"https:\/\/soundimageculture.org\/fr\/wp-json\/wp\/v2\/pages\/295\/revisions"}],"predecessor-version":[{"id":4090,"href":"https:\/\/soundimageculture.org\/fr\/wp-json\/wp\/v2\/pages\/295\/revisions\/4090"}],"wp:attachment":[{"href":"https:\/\/soundimageculture.org\/fr\/wp-json\/wp\/v2\/media?parent=295"}],"curies":[{"name":"wp","href":"https:\/\/api.w.org\/{rel}","templated":true}]}}